{"id":37,"date":"2024-01-05T17:30:02","date_gmt":"2024-01-05T16:30:02","guid":{"rendered":"https:\/\/www.steen.pm\/?page_id=37"},"modified":"2024-02-11T17:45:08","modified_gmt":"2024-02-11T16:45:08","slug":"links","status":"publish","type":"page","link":"https:\/\/www.steen.pm\/index.php\/links\/","title":{"rendered":"Links"},"content":{"rendered":"\n<style type=\"text\/css\" data-created_by=\"avia_inline_auto\" id=\"style-css-av-lr201rma-a0a1ac3e07c020e616db69dea30594ec\">\n#top .av_textblock_section.av-lr201rma-a0a1ac3e07c020e616db69dea30594ec .avia_textblock{\ncolor:#000000;\n}\n<\/style>\n<section  class='av_textblock_section av-lr201rma-a0a1ac3e07c020e616db69dea30594ec '   itemscope=\"itemscope\" itemtype=\"https:\/\/schema.org\/CreativeWork\" ><div class='avia_textblock av_inherit_color'  itemprop=\"text\" ><p style=\"text-align: center;\"><strong>Links<\/strong><\/p>\n<p>Auf dieser Seite finden sich ein paar wertvolle Internetseiten f\u00fcr Einsteigerinnen und Einsteiger und erfahrene Z\u00fcchterinnen und Z\u00fcchter.<\/p>\n<p>Das Obligatorische!<br \/>\nWir haben die Seiten zuvor sorgf\u00e4ltig angeschaut. F\u00fcr die Inhalte sind jedoch die jeweiligen Betreiber zust\u00e4ndig und wir haben auch keinen Einfluss auf die Inhalte. Wir \u00fcbernehmen daher keine Haftung f\u00fcr den Besuch der Seiten.<\/p>\n<\/div><\/section>\n<div  class='flex_column av-2s0kh-a5cc1c0527a943de85f63b86791122bb av_one_third  avia-builder-el-1  el_after_av_textblock  el_before_av_one_third  first flex_column_div  column-top-margin'     ><style type=\"text\/css\" data-created_by=\"avia_inline_auto\" id=\"style-css-av-lr2c0deq-f3d4f5771e9381d0d8f37c0aeadd9cbe\">\n@keyframes av_boxShadowEffect_av-lr2c0deq-f3d4f5771e9381d0d8f37c0aeadd9cbe {\n0%   { box-shadow:  0 0 0 0 ; opacity: 1; }\n100% { box-shadow:  0 0 10px 0 ; opacity: 1; }\n}\n.avia-image-container.av-lr2c0deq-f3d4f5771e9381d0d8f37c0aeadd9cbe img.avia_image{\nbox-shadow: 0 0 10px 0 ;\n}\n.avia-image-container.av-lr2c0deq-f3d4f5771e9381d0d8f37c0aeadd9cbe .av-image-caption-overlay-center{\ncolor:#ffffff;\n}\n<\/style>\n<div  class='avia-image-container av-lr2c0deq-f3d4f5771e9381d0d8f37c0aeadd9cbe av-styling-circle avia-align-center  avia-builder-el-2  avia-builder-el-no-sibling  av-mini-hide av-img-box-shadow av-box-shadow-not-animated'   itemprop=\"image\" itemscope=\"itemscope\" itemtype=\"https:\/\/schema.org\/ImageObject\" ><div class=\"avia-image-container-inner\"><div class=\"avia-image-overlay-wrap\"><img decoding=\"async\" fetchpriority=\"high\" class='wp-image-65 avia-img-lazy-loading-not-65 avia_image shadow-not-animated' src=\"https:\/\/www.steen.pm\/wp-content\/uploads\/2024\/01\/HastduKoerner-180x180.jpeg\" alt='' title='Hast du K\u00f6rner?'  height=\"180\" width=\"180\"  itemprop=\"thumbnailUrl\" srcset=\"https:\/\/www.steen.pm\/wp-content\/uploads\/2024\/01\/HastduKoerner-180x180.jpeg 180w, https:\/\/www.steen.pm\/wp-content\/uploads\/2024\/01\/HastduKoerner-80x80.jpeg 80w, https:\/\/www.steen.pm\/wp-content\/uploads\/2024\/01\/HastduKoerner-36x36.jpeg 36w\" sizes=\"(max-width: 180px) 100vw, 180px\" \/><\/div><\/div><\/div><\/div>\n<div  class='flex_column av-1vz69-b143fdbd2801699c926c7d0abb835c9e av_one_third  avia-builder-el-3  el_after_av_one_third  el_before_av_one_third  flex_column_div  column-top-margin'     ><style type=\"text\/css\" data-created_by=\"avia_inline_auto\" id=\"style-css-av-lr2c13ku-4307f51ea529621a8a3b18846086a237\">\n@keyframes av_boxShadowEffect_av-lr2c13ku-4307f51ea529621a8a3b18846086a237 {\n0%   { box-shadow:  0 0 0 0 ; opacity: 1; }\n100% { box-shadow:  0 0 10px 0 ; opacity: 1; }\n}\n.avia-image-container.av-lr2c13ku-4307f51ea529621a8a3b18846086a237 img.avia_image{\nbox-shadow: 0 0 10px 0 ;\n}\n.avia-image-container.av-lr2c13ku-4307f51ea529621a8a3b18846086a237 .av-image-caption-overlay-center{\ncolor:#ffffff;\n}\n<\/style>\n<div  class='avia-image-container av-lr2c13ku-4307f51ea529621a8a3b18846086a237 av-styling-circle avia-align-center  avia-builder-el-4  avia-builder-el-no-sibling  av-mini-hide av-img-box-shadow av-box-shadow-not-animated'   itemprop=\"image\" itemscope=\"itemscope\" itemtype=\"https:\/\/schema.org\/ImageObject\" ><div class=\"avia-image-container-inner\"><div class=\"avia-image-overlay-wrap\"><img decoding=\"async\" fetchpriority=\"high\" class='wp-image-63 avia-img-lazy-loading-not-63 avia_image shadow-not-animated' src=\"https:\/\/www.steen.pm\/wp-content\/uploads\/2024\/01\/d9da468e-2a72-4bea-8118-b84458d1fe3f-180x180.jpg\" alt='' title='Watertime'  height=\"180\" width=\"180\"  itemprop=\"thumbnailUrl\" srcset=\"https:\/\/www.steen.pm\/wp-content\/uploads\/2024\/01\/d9da468e-2a72-4bea-8118-b84458d1fe3f-180x180.jpg 180w, https:\/\/www.steen.pm\/wp-content\/uploads\/2024\/01\/d9da468e-2a72-4bea-8118-b84458d1fe3f-80x80.jpg 80w, https:\/\/www.steen.pm\/wp-content\/uploads\/2024\/01\/d9da468e-2a72-4bea-8118-b84458d1fe3f-36x36.jpg 36w\" sizes=\"(max-width: 180px) 100vw, 180px\" \/><\/div><\/div><\/div><\/div>\n<div  class='flex_column av-19bz1-387611ce8887c369902897867ad1d2d3 av_one_third  avia-builder-el-5  el_after_av_one_third  el_before_av_one_full  flex_column_div  column-top-margin'     ><style type=\"text\/css\" data-created_by=\"avia_inline_auto\" id=\"style-css-av-lr2c1s97-204b2af721cbfaa821975397cad2c76d\">\n@keyframes av_boxShadowEffect_av-lr2c1s97-204b2af721cbfaa821975397cad2c76d {\n0%   { box-shadow:  0 0 0 0 ; opacity: 1; }\n100% { box-shadow:  0 0 10px 0 ; opacity: 1; }\n}\n.avia-image-container.av-lr2c1s97-204b2af721cbfaa821975397cad2c76d img.avia_image{\nbox-shadow: 0 0 10px 0 ;\n}\n.avia-image-container.av-lr2c1s97-204b2af721cbfaa821975397cad2c76d .av-image-caption-overlay-center{\ncolor:#ffffff;\n}\n<\/style>\n<div  class='avia-image-container av-lr2c1s97-204b2af721cbfaa821975397cad2c76d av-styling-circle avia-align-center  avia-builder-el-6  avia-builder-el-no-sibling  av-mini-hide av-img-box-shadow av-box-shadow-not-animated'   itemprop=\"image\" itemscope=\"itemscope\" itemtype=\"https:\/\/schema.org\/ImageObject\" ><div class=\"avia-image-container-inner\"><div class=\"avia-image-overlay-wrap\"><img decoding=\"async\" fetchpriority=\"high\" class='wp-image-64 avia-img-lazy-loading-not-64 avia_image shadow-not-animated' src=\"https:\/\/www.steen.pm\/wp-content\/uploads\/2024\/01\/DieDrei-180x180.jpeg\" alt='' title='Die Drei'  height=\"180\" width=\"180\"  itemprop=\"thumbnailUrl\" srcset=\"https:\/\/www.steen.pm\/wp-content\/uploads\/2024\/01\/DieDrei-180x180.jpeg 180w, https:\/\/www.steen.pm\/wp-content\/uploads\/2024\/01\/DieDrei-80x80.jpeg 80w, https:\/\/www.steen.pm\/wp-content\/uploads\/2024\/01\/DieDrei-36x36.jpeg 36w\" sizes=\"(max-width: 180px) 100vw, 180px\" \/><\/div><\/div><\/div><\/div>\n<div  class='flex_column av-1wjjl-a33a6579e48934f915d51bd770ec1786 av_one_full  avia-builder-el-7  el_after_av_one_third  el_before_av_one_full  first flex_column_div  column-top-margin'     ><\/div>\n<div  class='flex_column av-1b5k5-27c12d6e12c8f4a7ee151a167e63c4b6 av_one_full  avia-builder-el-8  el_after_av_one_full  el_before_av_one_full  first flex_column_div  column-top-margin'     ><\/div>\n<div  class='flex_column av-yn91-3b5125bd65aee4fcfce4d980f2cbbb10 av_one_full  avia-builder-el-9  el_after_av_one_full  el_before_av_one_full  first flex_column_div  column-top-margin'     ><section  class='av_textblock_section av-lr2bx5or-712b7bd2c2f536cd571e6020d01c17e2 '   itemscope=\"itemscope\" itemtype=\"https:\/\/schema.org\/CreativeWork\" ><div class='avia_textblock'  itemprop=\"text\" ><p><a href=\"https:\/\/www.bdrg.de\/\" target=\"_blank\" rel=\"noopener\">Bund Deutscher Rassegefl\u00fcgelz\u00fcchter e.V.<\/a><\/p>\n<p><a href=\"https:\/\/www.rassegefl\u00fcgel-weser-ems.de\/index.html\" target=\"_blank\" rel=\"noopener\">Unser Landesverband<\/a><\/p>\n<p><a href=\"https:\/\/www.rassegefluegel-oldenburg-nord.de\/\" target=\"_blank\" rel=\"noopener\">Unser Kreisverband<\/a><\/p>\n<p><a href=\"https:\/\/www.gzv-oldenburg.de\/\" target=\"_blank\" rel=\"noopener\">Gefl\u00fcgelzuchtverein Oldenburg e.V.<\/a><\/p>\n<p><a href=\"https:\/\/www.huehner-hof.com\/\" target=\"_blank\" rel=\"noopener\">huehner-hof<\/a><\/p>\n<p><a href=\"https:\/\/www.happy-huhn.at\" target=\"_blank\" rel=\"noopener\">Robert H\u00f6ck<\/a> bietet auf seiner Homepage tolle Eindr\u00fccke \u00fcber bayerische Zwerg-Landh\u00fchner und Co. Sein <a href=\"https:\/\/www.youtube.com\/@HappyHuhn\" target=\"_blank\" rel=\"noopener\">Youtube-Kanal<\/a> bietet viele gro\u00dfartige Videos f\u00fcr alle Gefl\u00fcgelbegeisterte (hier prim\u00e4r H\u00fchner).<\/p>\n<p>Die Wikipedia bietet (Januar 2024) Informationen \u00fcber:<\/p>\n<ul>\n<li><a href=\"https:\/\/de.m.wikipedia.org\/wiki\/Liste_von_Entenrassen\" target=\"_blank\" rel=\"noopener\">Entenrassen<\/a><\/li>\n<li><a href=\"https:\/\/de.m.wikipedia.org\/wiki\/Liste_von_G%C3%A4nserassen\" target=\"_blank\" rel=\"noopener\">G\u00e4nserassen<\/a><\/li>\n<li><a href=\"https:\/\/de.m.wikipedia.org\/wiki\/Liste_von_H%C3%BChnerrassen\" target=\"_blank\" rel=\"noopener\">H\u00fchnerrassen<\/a><\/li>\n<li><a href=\"https:\/\/de.m.wikipedia.org\/wiki\/Liste_der_Puten\" target=\"_blank\" rel=\"noopener\">Puten<\/a><\/li>\n<li><a href=\"https:\/\/de.m.wikipedia.org\/wiki\/Liste_von_Zwerghuhnrassen\" target=\"_blank\" rel=\"noopener\">Zwerghuhnrassen<\/a><\/li>\n<\/ul>\n<\/div><\/section><\/div><div  class='flex_column av-tyyp-c9777209b26e7fe206a33b7ecc7e1183 av_one_full  avia-builder-el-11  el_after_av_one_full  el_before_av_one_full  first flex_column_div  column-top-margin'     ><\/div><\/p>\n<div  class='flex_column av-12jj1-951ba2d3c4e8dc479a3f44d7de1046f8 av_one_full  avia-builder-el-12  el_after_av_one_full  el_before_av_one_full  first flex_column_div  column-top-margin'     ><\/div>\n<div  class='flex_column av-10ca9-bc5b82698c6e38acf7ca86dbb97d999a av_one_full  avia-builder-el-13  el_after_av_one_full  avia-builder-el-last  first flex_column_div  column-top-margin'     ><\/div>\n","protected":false},"excerpt":{"rendered":"","protected":false},"author":2,"featured_media":0,"parent":0,"menu_order":0,"comment_status":"closed","ping_status":"closed","template":"","meta":{"footnotes":""},"class_list":["post-37","page","type-page","status-publish","hentry"],"_links":{"self":[{"href":"https:\/\/www.steen.pm\/index.php\/wp-json\/wp\/v2\/pages\/37","targetHints":{"allow":["GET"]}}],"collection":[{"href":"https:\/\/www.steen.pm\/index.php\/wp-json\/wp\/v2\/pages"}],"about":[{"href":"https:\/\/www.steen.pm\/index.php\/wp-json\/wp\/v2\/types\/page"}],"author":[{"embeddable":true,"href":"https:\/\/www.steen.pm\/index.php\/wp-json\/wp\/v2\/users\/2"}],"replies":[{"embeddable":true,"href":"https:\/\/www.steen.pm\/index.php\/wp-json\/wp\/v2\/comments?post=37"}],"version-history":[{"count":18,"href":"https:\/\/www.steen.pm\/index.php\/wp-json\/wp\/v2\/pages\/37\/revisions"}],"predecessor-version":[{"id":528,"href":"https:\/\/www.steen.pm\/index.php\/wp-json\/wp\/v2\/pages\/37\/revisions\/528"}],"wp:attachment":[{"href":"https:\/\/www.steen.pm\/index.php\/wp-json\/wp\/v2\/media?parent=37"}],"curies":[{"name":"wp","href":"https:\/\/api.w.org\/{rel}","templated":true}]}}